{"id":834,"date":"2020-12-26T11:59:13","date_gmt":"2020-12-26T10:59:13","guid":{"rendered":"https:\/\/www.aspa2.fr\/?page_id=834"},"modified":"2021-07-19T19:02:44","modified_gmt":"2021-07-19T17:02:44","slug":"recettes","status":"publish","type":"page","link":"https:\/\/www.aspa2.fr\/de\/recettes\/","title":{"rendered":"Rezept"},"content":{"rendered":"<div class=\"main-content container\">\n<div class=\"row\">\n<h2 class=\"name col-12\">Unzere Rezeptvorschl\u00e4ge:<\/h2>\n<\/div>\n<div class=\"row\"><div class=\"rl-gallery-container rl-loading rl-pagination-paged\" id=\"rl-gallery-container-3\" data-gallery_id=\"895\"> <div class=\"rl-gallery rl-basicgrid-gallery rl-hover-effect-1 rl-hover-icon-2\" id=\"rl-gallery-3\" data-gallery_no=\"3\"> <div class=\"rl-gallery-item\"><a href=\"https:\/\/www.aspa2.fr\/wp-content\/uploads\/2020\/12\/Recettes-Aspa-FlanDAsperges-.jpg\" title=\"\" data-rl_title=\"\" class=\"rl-gallery-link\" data-rl_caption=\"\" data-rel=\"lightbox-gallery-3\"><img loading=\"lazy\" decoding=\"async\" src=\"https:\/\/www.aspa2.fr\/wp-content\/uploads\/2020\/12\/Recettes-Aspa-FlanDAsperges--212x300.jpg\" width=\"212\" height=\"300\" alt=\"\"\/><\/a><\/div><div class=\"rl-gallery-item\"><a href=\"https:\/\/www.aspa2.fr\/wp-content\/uploads\/2020\/12\/Recettes-Aspa-Sushis.jpg\" title=\"\" data-rl_title=\"\" class=\"rl-gallery-link\" data-rl_caption=\"\" data-rel=\"lightbox-gallery-3\"><img loading=\"lazy\" decoding=\"async\" src=\"https:\/\/www.aspa2.fr\/wp-content\/uploads\/2020\/12\/Recettes-Aspa-Sushis-212x300.jpg\" width=\"212\" height=\"300\" alt=\"\"\/><\/a><\/div><div class=\"rl-gallery-item\"><a href=\"https:\/\/www.aspa2.fr\/wp-content\/uploads\/2020\/12\/Recettes-Aspa-SaumonFume.jpg\" title=\"\" data-rl_title=\"\" class=\"rl-gallery-link\" data-rl_caption=\"\" data-rel=\"lightbox-gallery-3\"><img loading=\"lazy\" decoding=\"async\" src=\"https:\/\/www.aspa2.fr\/wp-content\/uploads\/2020\/12\/Recettes-Aspa-SaumonFume-212x300.jpg\" width=\"212\" height=\"300\" alt=\"\"\/><\/a><\/div><div class=\"rl-gallery-item\"><a href=\"https:\/\/www.aspa2.fr\/wp-content\/uploads\/2020\/12\/Recettes-Aspa-AuFour.jpg\" title=\"\" data-rl_title=\"\" class=\"rl-gallery-link\" data-rl_caption=\"\" data-rel=\"lightbox-gallery-3\"><img loading=\"lazy\" decoding=\"async\" src=\"https:\/\/www.aspa2.fr\/wp-content\/uploads\/2020\/12\/Recettes-Aspa-AuFour-212x300.jpg\" width=\"212\" height=\"300\" alt=\"\"\/><\/a><\/div> <\/div> <div class=\"rl-pagination rl-pagination-bottom\"><\/div> <\/div><\/div>\n<div><\/div>\n<div class=\"row\">\n<h2 class=\"name col-12\">Mehr Ideen:<\/h2>\n<\/div>\n<div class=\"row\">\n<div class=\"col-12\">\n<ul>\n \t<li><a href=\"https:\/\/www.marmiton.org\/recettes\/recette_soupe-d-asperges-blanches_26440.aspx\" target=\"_blank\" rel=\"noopener\">Soupe d&#8217;asperges blanches<\/a><\/li>\n \t<li><a href=\"https:\/\/www.cuisineaz.com\/recettes\/asperges-blanches-a-la-flamande-85714.aspx\" target=\"_blank\" rel=\"noopener\">Asperges blanches \u00e0 la flamande<\/a><\/li>\n \t<li><a href=\"https:\/\/www.marmiton.org\/recettes\/recette_veloute-d-asperges-blanche_321053.aspx\" target=\"_blank\" rel=\"noopener\">Velout\u00e9 d&#8217;asperges blanches<\/a><\/li>\n \t<li><a href=\"https:\/\/www.marieclaire.fr\/cuisine\/clafoutis-d-asperges-blanches,1192906.asp\" target=\"_blank\" rel=\"noopener\">Clafoutis d&#8217;asperges blanches<\/a><\/li>\n \t<li><a href=\"https:\/\/www.marmiton.org\/recettes\/recette_gratin-d-asperges-blanches-au-cantal_73404.aspx\" target=\"_blank\" rel=\"noopener\">Gratin d&#8217;asperges blanches au cantal<\/a><\/li>\n \t<li><a href=\"https:\/\/www.femmeactuelle.fr\/cuisine\/recettes\/entree\/gaspacho-dasperges-blanches-2065756\" target=\"_blank\" rel=\"noopener\">Gaspacho d&#8217;asperges blanches<\/a><\/li>\n<\/ul>\n<\/div>\n<\/div>\n<\/div>","protected":false},"excerpt":{"rendered":"Unzere Rezeptvorschl\u00e4ge: Mehr Ideen: Soupe d&#8217;asperges blanches Asperges blanches \u00e0 la flamande Velout\u00e9 d&#8217;asperges blanches Clafoutis d&#8217;asperges blanches Gratin d&#8217;asperges blanches au cantal Gaspacho d&#8217;asperges blanches [&#8230;]<p><a class=\"btn btn-secondary understrap-read-more-link\" href=\"https:\/\/www.aspa2.fr\/de\/recettes\/\">Weiterlesen\u00a0\u2026<span class=\"screen-reader-text\"> from Rezept<\/span><\/a><\/p>","protected":false},"author":1,"featured_media":0,"parent":0,"menu_order":0,"comment_status":"closed","ping_status":"closed","template":"","meta":{"footnotes":""},"class_list":["post-834","page","type-page","status-publish","hentry"],"_links":{"self":[{"href":"https:\/\/www.aspa2.fr\/de\/wp-json\/wp\/v2\/pages\/834","targetHints":{"allow":["GET"]}}],"collection":[{"href":"https:\/\/www.aspa2.fr\/de\/wp-json\/wp\/v2\/pages"}],"about":[{"href":"https:\/\/www.aspa2.fr\/de\/wp-json\/wp\/v2\/types\/page"}],"author":[{"embeddable":true,"href":"https:\/\/www.aspa2.fr\/de\/wp-json\/wp\/v2\/users\/1"}],"replies":[{"embeddable":true,"href":"https:\/\/www.aspa2.fr\/de\/wp-json\/wp\/v2\/comments?post=834"}],"version-history":[{"count":52,"href":"https:\/\/www.aspa2.fr\/de\/wp-json\/wp\/v2\/pages\/834\/revisions"}],"predecessor-version":[{"id":1184,"href":"https:\/\/www.aspa2.fr\/de\/wp-json\/wp\/v2\/pages\/834\/revisions\/1184"}],"wp:attachment":[{"href":"https:\/\/www.aspa2.fr\/de\/wp-json\/wp\/v2\/media?parent=834"}],"curies":[{"name":"wp","href":"https:\/\/api.w.org\/{rel}","templated":true}]}}