{"id":44,"date":"2017-11-26T18:18:31","date_gmt":"2017-11-26T17:18:31","guid":{"rendered":"https:\/\/www.aspa2.fr\/?page_id=44"},"modified":"2026-01-25T21:06:40","modified_gmt":"2026-01-25T20:06:40","slug":"engagements","status":"publish","type":"page","link":"https:\/\/www.aspa2.fr\/de\/engagements\/","title":{"rendered":"Unsere Verpflichtungen"},"content":{"rendered":"<div class=\"main-content container\">\n        <div class=\"row\">\n            <div class=\"col-12 col-md-12 col-lg-12\">\n                Vier Werte sind uns wichtig und die Auszeichnung &#8222;GLOBALG.A.P&#8220;, die wir seit vielen Jahren besitzen zeugen von unseren qualitativen Bem\u00fchungen.\n            <\/div>\n        <\/div>\n        <div class=\"row\">\n            <div id=\"accordion\" role=\"tablist\" class=\"nosEngagementsAccordion accordion col-12\">\n                <div class=\"card\">\n                    <div class=\"card-header collapsed dark-blueBg\" role=\"tab\" id=\"headingOne\" data-toggle=\"collapse\" href=\"#collapseOne\" aria-expanded=\"true\"\n                        aria-controls=\"collapseOne\">\n                        <h5 class=\"mb-0\">\n                            <a>\n                                Geschmack und Qualit\u00e4t\n                            <\/a>\n                        <\/h5>\n                        <i class=\"fa\"><\/i>\n                    <\/div>\n\n                    <div id=\"collapseOne\" class=\"collapse\" role=\"tabpanel\" aria-labelledby=\"headingOne\" aria-expanded=\"true\" data-parent=\"#accordion\">\n                        <div class=\"card-body\">\n                            <p>\n                                Unser ganzes Streben richtet sich darauf, optimale und konstante Qualit\u00e4t zu erzielen, angefangen vom Anbau bis zum Versand unserer Produkte.\n                            <\/p>\n                            <p>\n                                Die extrem konstante Qualit\u00e4t unserer Spargel und Rhabarber wird durch das Beheizungsystem erreicht. Unsere Kunden k\u00f6nnen sich auf die \nGeschmacks- und  Zartheitkonstanz unserer Produkte verlassen.\n                            <\/p>\n                            <p>\n                                Sobald die Ernte beendet ist, richten sich unsere ganzen Bem\u00fchungen auf die Pflege und Bew\u00e4sserung der Pflanzen.\n                            <\/p>\n                        <\/div>\n                    <\/div>\n                <\/div>\n                <div class=\"card\">\n                    <div class=\"card-header collapsed light-blueBg\" role=\"tab\" id=\"headingTwo\" data-toggle=\"collapse\" href=\"#collapseTwo\" aria-expanded=\"true\"\n                        aria-controls=\"collapseTwo\">\n                        <h5 class=\"mb-0\">\n                            <a>\n                                 Kundenzufriedenheit und best\u00e4ndige Gesch\u00e4ftsverbindungen\n                            <\/a>\n                        <\/h5>\n                        <i class=\"fa\"><\/i>\n                    <\/div>\n                    <div id=\"collapseTwo\" class=\"collapse\" role=\"tabpanel\" aria-labelledby=\"headingTwo\" data-parent=\"#accordion\">\n                        <div class=\"card-body\">\n                            Die Zufriedenheit unserer franz\u00f6sischen, europ\u00e4ischen und asiatischen Kunden ist unser Hauptziel unter Bewahrung best\u00e4ndiger auf Vertrauen \nberuhender Gesch\u00e4ftsverbindungen.\n                        <\/div>\n                    <\/div>\n                <\/div>\n                <div class=\"card\">\n                    <div class=\"card-header collapsed goldenBg\" role=\"tab\" id=\"headingThree\" data-toggle=\"collapse\" href=\"#collapseThree\" aria-expanded=\"true\"\n                        aria-controls=\"collapseThree\">\n                        <h5 class=\"mb-0\">\n                            <a>\n                                Verteidigung einer menschlich \u00fcbersehbaren  Landwirtschaftsfl\u00e4che\n                            <\/a>\n                        <\/h5>\n                        <i class=\"fa\"><\/i>\n                    <\/div>\n                    <div id=\"collapseThree\" class=\"collapse\" role=\"tabpanel\" aria-labelledby=\"headingThree\" data-parent=\"#accordion\">\n                        <div class=\"card-body\">\n                            Wir bewirtschaften 20 ha im Loiretal. Diese gr\u00f6\u00dfenbeschr\u00e4nkte Fl\u00e4che erm\u00f6glicht eine pr\u00e4zise \u00dcbersicht unserer bebauten Fl\u00e4chen, die auf sehr gute \nKenntnisse der Bodenbeschaffenheit beruhen. Zahlreiche Vorg\u00e4nge werden manuell verrichtet (Ernte, Unkraut j\u00e4ten, etc &#8230;).\n                        <\/div>\n                    <\/div>\n                <\/div>\n                <div class=\"card\">\n                    <div class=\"card-header collapsed greenBg\" role=\"tab\" id=\"headingFour\" data-toggle=\"collapse\" href=\"#collapseFour\" aria-expanded=\"true\"\n                        aria-controls=\"collapseFour\">\n                        <h5 class=\"mb-0\">\n                            <a>\n                                Umweltbewu\u00dft\n                            <\/a>\n                        <\/h5>\n                        <i class=\"fa\"><\/i>\n                    <\/div>\n                    <div id=\"collapseFour\" class=\"collapse\" role=\"tabpanel\" aria-labelledby=\"headingFour\" data-parent=\"#accordion\">\n                        <div class=\"card-body\">\n                            <p>\n                                Wir praktizieren eine umweltbewu\u00dfte Landwirtschaft, im Einklang und in enger Verbindung mit der Natur.\n                            <\/p>\n                            <p>\n                                Unsere gesamten Eingriffe in die Natur berufen auf gr\u00fcndlichen Beobachtungen der Pflanzenwelt, deren Physiologie und Umwelt (Wetterverh\u00e4ltnisse, Grenze der Sch\u00e4dlingsbek\u00e4mpfung). So betreiben wir beispielsweise mechanische Unkrautbek\u00e4mpfung und verwenden gro\u00dfe Mengen von Kompost und Stalld\u00fcnger. Die Bew\u00e4sserung wird tropfenweise mit Hilfe von im Boden installierten Feuchtigkeitssonden gesteuert.\n                            <\/p>\n                            <p>\n                                Das Beheizungsnetz, das wir verwenden vermeidet, zu warmes Wasser in die Loire flie\u00dfen zu lassen, was dem Umweltschutz zugute kommt.\n                            <\/p>\n                            <p>\n                                Allj\u00e4hrlich werden unsere Produkte gepr\u00fcft und es werden keine Spuren von Pflanzenschutzmitteln aufgefunden.\n                            <\/p>\n                        <\/div>\n                    <\/div>\n                <\/div>\n            <\/div>\n        <\/div>\n    <\/div>","protected":false},"excerpt":{"rendered":"Vier Werte sind uns wichtig und die Auszeichnung &#8222;GLOBALG.A.P&#8220;, die wir seit vielen Jahren besitzen zeugen von unseren qualitativen Bem\u00fchungen. Geschmack und Qualit\u00e4t Unser ganzes Streben richtet sich darauf, optimale und konstante Qualit\u00e4t zu erzielen, angefangen vom Anbau bis zum Versand unserer Produkte. Die extrem konstante Qualit\u00e4t unserer Spargel und Rhabarber wird durch das Beheizungsystem [&#8230;]<p><a class=\"btn btn-secondary understrap-read-more-link\" href=\"https:\/\/www.aspa2.fr\/de\/engagements\/\">Weiterlesen\u00a0\u2026<span class=\"screen-reader-text\"> from Unsere Verpflichtungen<\/span><\/a><\/p>","protected":false},"author":1,"featured_media":0,"parent":0,"menu_order":0,"comment_status":"closed","ping_status":"closed","template":"","meta":{"footnotes":""},"class_list":["post-44","page","type-page","status-publish","hentry"],"_links":{"self":[{"href":"https:\/\/www.aspa2.fr\/de\/wp-json\/wp\/v2\/pages\/44","targetHints":{"allow":["GET"]}}],"collection":[{"href":"https:\/\/www.aspa2.fr\/de\/wp-json\/wp\/v2\/pages"}],"about":[{"href":"https:\/\/www.aspa2.fr\/de\/wp-json\/wp\/v2\/types\/page"}],"author":[{"embeddable":true,"href":"https:\/\/www.aspa2.fr\/de\/wp-json\/wp\/v2\/users\/1"}],"replies":[{"embeddable":true,"href":"https:\/\/www.aspa2.fr\/de\/wp-json\/wp\/v2\/comments?post=44"}],"version-history":[{"count":20,"href":"https:\/\/www.aspa2.fr\/de\/wp-json\/wp\/v2\/pages\/44\/revisions"}],"predecessor-version":[{"id":5163,"href":"https:\/\/www.aspa2.fr\/de\/wp-json\/wp\/v2\/pages\/44\/revisions\/5163"}],"wp:attachment":[{"href":"https:\/\/www.aspa2.fr\/de\/wp-json\/wp\/v2\/media?parent=44"}],"curies":[{"name":"wp","href":"https:\/\/api.w.org\/{rel}","templated":true}]}}