{"id":21,"date":"2017-11-26T15:59:54","date_gmt":"2017-11-26T14:59:54","guid":{"rendered":"https:\/\/www.aspa2.fr\/?page_id=21"},"modified":"2025-02-12T11:00:34","modified_gmt":"2025-02-12T10:00:34","slug":"produits","status":"publish","type":"page","link":"https:\/\/www.aspa2.fr\/de\/produits\/","title":{"rendered":"Unser Produkt"},"content":{"rendered":"<div class=\"main-content container\">\n<div class=\"production row\">\n<h2 id=\"productionUnique\" class=\"title\">Ein einmaliges Produktionsverfahren<\/h2>\n<div class=\"description col-12 text-center\">\n\n                    Ein <strong>einmaliges<\/strong> Produktionsverfahren in Frankreich.\n\nUnser gesamten Pflanzen werden \u00fcber ein unterirdisches Beheizungsystem  beheizt.\n\nDies erm\u00f6glicht uns, <strong>bereits Mitte Januar mit der Ernte zu beginnen<\/strong>.\n\nDank unserer Beheizung sind unsere Produkte von <strong>Spitzenqualit\u00e4t<\/strong>:\n\n<strong>Wei\u00dfer, sehr zarter und faserfreier Spargel<\/strong> : sollten sie Ihn gut sch\u00e4len wollen, w\u00fcrde nichts im Teller \u00fcberbleiben !\n\n<\/div>\n<h4 class=\"slogan text-center col-12\">Machen Sie eine Geschmacksprobe, Sie werden den Unterschied feststellen<\/h4>\n<\/div>\n<div class=\"products\">\n<div id=\"asperges\" class=\"product-header row\">\n<div class=\"titleAndMonths col-12\">\n<h2 class=\"name\">Spargel<\/h2>\n<div class=\"productionCalendar col-12 col-md-6\">\n                        <span>Erntezeit:<\/span>\n<div class=\"calendar\">\n                            <span class=\"month asperges\">J<\/span>\n<span class=\"month asperges\">F<\/span>\n<span class=\"month asperges\">M<\/span>\n<span class=\"month asperges\">A<\/span>\n<span class=\"month\">M<\/span>\n<span class=\"month\">J<\/span>\n<span class=\"month\">J<\/span>\n<span class=\"month\">A<\/span>\n<span class=\"month\">S<\/span>\n<span class=\"month\">O<\/span>\n<span class=\"month\">N<\/span>\n<span class=\"month\">D<\/span><\/div>\n<\/div>\n<\/div>\n<\/div>\n<div id=\"asperges\" class=\"product-content row\">\n<div class=\"description col-12 col-md-6\">\n<ul class=\"qualities\">\n \t<li class=\"fullWidth\" style=\"background-color: #4475A1;\">Ernte von Mitte Januar bis Mitte April<\/li>\n \t<li class=\"sharedWidth firstOfLine\" style=\"background-color: #9DC3E6;\">Sehr wei\u00df<\/li>\n \t<li class=\"sharedWidth\" style=\"background-color: #00B0F0;\">Sehr zart, faserfrei<\/li>\n \t<li class=\"sharedWidth firstOfLine\" style=\"background-color: #0070C0;\">Fest geschlossene Spargelspitzen<\/li>\n \t<li class=\"sharedWidth\" style=\"background-color: #0088EE;\">Spitzenqualit\u00e4t<\/li>\n \t<li class=\"fullWidth\" style=\"background-color: #2DA5FF;\">Das Erdreich der  Gegend um V\u00e9ron verleiht unserem Spargel einen leicht s\u00fc\u00dfen Haselnussgeschmack.<\/li>\n<\/ul>\n<\/div>\n<div class=\"col-12 col-md-6 removeContainedPmargin\">\n<div class=\"carouselContainer\">\n                        <div class=\"carousel-slider-outer carousel-slider-outer-image-carousel carousel-slider-outer-145\" style=\"--carousel-slider-nav-color:#f1f1f1;--carousel-slider-active-nav-color:#5b9bd5;--carousel-slider-arrow-size:55px;--carousel-slider-bullet-size:15px\">\n<div id=\"&#039;id-145\" class=\"carousel-slider carousel-slider-145 arrows-visibility-always dots-visibility-always arrows-inside dots-center dots-circle owl-carousel\" data-slide-type=\"image-carousel\" data-owl-settings='{\"nav\":true,\"dots\":true,\"slideBy\":1,\"stagePadding\":0,\"margin\":10,\"loop\":true,\"lazyLoad\":false,\"autoplay\":true,\"autoplayTimeout\":3000,\"autoplaySpeed\":500,\"autoplayHoverPause\":true,\"autoWidth\":false,\"items\":1}'>\n<div class=\"carousel-slider__item\">\n\t<img loading=\"lazy\" decoding=\"async\" width=\"640\" height=\"358\" src=\"https:\/\/www.aspa2.fr\/wp-content\/uploads\/2017\/12\/PA1-1024x573.jpg\" class=\"attachment-large size-large\" alt=\"\" srcset=\"https:\/\/www.aspa2.fr\/wp-content\/uploads\/2017\/12\/PA1-1024x573.jpg 1024w, https:\/\/www.aspa2.fr\/wp-content\/uploads\/2017\/12\/PA1-300x168.jpg 300w, https:\/\/www.aspa2.fr\/wp-content\/uploads\/2017\/12\/PA1-768x430.jpg 768w, https:\/\/www.aspa2.fr\/wp-content\/uploads\/2017\/12\/PA1.jpg 1500w\" sizes=\"auto, (max-width: 640px) 100vw, 640px\" \/><\/a><\/div>\n\n<div class=\"carousel-slider__item\">\n\t<img loading=\"lazy\" decoding=\"async\" width=\"640\" height=\"358\" src=\"https:\/\/www.aspa2.fr\/wp-content\/uploads\/2017\/12\/PA3-1024x573.jpg\" class=\"attachment-large size-large\" alt=\"\" srcset=\"https:\/\/www.aspa2.fr\/wp-content\/uploads\/2017\/12\/PA3-1024x573.jpg 1024w, https:\/\/www.aspa2.fr\/wp-content\/uploads\/2017\/12\/PA3-300x168.jpg 300w, https:\/\/www.aspa2.fr\/wp-content\/uploads\/2017\/12\/PA3-768x430.jpg 768w, https:\/\/www.aspa2.fr\/wp-content\/uploads\/2017\/12\/PA3.jpg 1500w\" sizes=\"auto, (max-width: 640px) 100vw, 640px\" \/><\/a><\/div>\n\n<div class=\"carousel-slider__item\">\n\t<img loading=\"lazy\" decoding=\"async\" width=\"640\" height=\"358\" src=\"https:\/\/www.aspa2.fr\/wp-content\/uploads\/2017\/12\/PA4-1024x573.jpg\" class=\"attachment-large size-large\" alt=\"\" srcset=\"https:\/\/www.aspa2.fr\/wp-content\/uploads\/2017\/12\/PA4-1024x573.jpg 1024w, https:\/\/www.aspa2.fr\/wp-content\/uploads\/2017\/12\/PA4-300x168.jpg 300w, https:\/\/www.aspa2.fr\/wp-content\/uploads\/2017\/12\/PA4-768x430.jpg 768w, https:\/\/www.aspa2.fr\/wp-content\/uploads\/2017\/12\/PA4.jpg 1500w\" sizes=\"auto, (max-width: 640px) 100vw, 640px\" \/><\/a><\/div>\n\n<div class=\"carousel-slider__item\">\n\t<img loading=\"lazy\" decoding=\"async\" width=\"640\" height=\"358\" src=\"https:\/\/www.aspa2.fr\/wp-content\/uploads\/2017\/12\/PA5-1024x573.png\" class=\"attachment-large size-large\" alt=\"\" srcset=\"https:\/\/www.aspa2.fr\/wp-content\/uploads\/2017\/12\/PA5-1024x573.png 1024w, https:\/\/www.aspa2.fr\/wp-content\/uploads\/2017\/12\/PA5-300x168.png 300w, https:\/\/www.aspa2.fr\/wp-content\/uploads\/2017\/12\/PA5-768x430.png 768w, https:\/\/www.aspa2.fr\/wp-content\/uploads\/2017\/12\/PA5.png 1500w\" sizes=\"auto, (max-width: 640px) 100vw, 640px\" \/><\/a><\/div>\n\n<div class=\"carousel-slider__item\">\n\t<img loading=\"lazy\" decoding=\"async\" width=\"640\" height=\"358\" src=\"https:\/\/www.aspa2.fr\/wp-content\/uploads\/2017\/12\/PA6-1024x573.jpg\" class=\"attachment-large size-large\" alt=\"\" srcset=\"https:\/\/www.aspa2.fr\/wp-content\/uploads\/2017\/12\/PA6-1024x573.jpg 1024w, https:\/\/www.aspa2.fr\/wp-content\/uploads\/2017\/12\/PA6-300x168.jpg 300w, https:\/\/www.aspa2.fr\/wp-content\/uploads\/2017\/12\/PA6-768x430.jpg 768w, https:\/\/www.aspa2.fr\/wp-content\/uploads\/2017\/12\/PA6.jpg 1500w\" sizes=\"auto, (max-width: 640px) 100vw, 640px\" \/><\/a><\/div>\n\n<\/div><!-- .carousel-slider-145 -->\n<\/div><!-- .carousel-slider-outer-145 -->\n<\/div>\n<\/div>\n<\/div>\n<\/div>","protected":false},"excerpt":{"rendered":"Ein einmaliges Produktionsverfahren Ein einmaliges Produktionsverfahren in Frankreich. Unser gesamten Pflanzen werden \u00fcber ein unterirdisches Beheizungsystem beheizt. Dies erm\u00f6glicht uns, bereits Mitte Januar mit der Ernte zu beginnen. Dank unserer Beheizung sind unsere Produkte von Spitzenqualit\u00e4t: Wei\u00dfer, sehr zarter und faserfreier Spargel : sollten sie Ihn gut sch\u00e4len wollen, w\u00fcrde nichts im Teller \u00fcberbleiben ! [&#8230;]<p><a class=\"btn btn-secondary understrap-read-more-link\" href=\"https:\/\/www.aspa2.fr\/de\/produits\/\">Weiterlesen\u00a0\u2026<span class=\"screen-reader-text\"> from Unser Produkt<\/span><\/a><\/p>","protected":false},"author":1,"featured_media":0,"parent":0,"menu_order":0,"comment_status":"closed","ping_status":"closed","template":"","meta":{"footnotes":""},"class_list":["post-21","page","type-page","status-publish","hentry"],"_links":{"self":[{"href":"https:\/\/www.aspa2.fr\/de\/wp-json\/wp\/v2\/pages\/21","targetHints":{"allow":["GET"]}}],"collection":[{"href":"https:\/\/www.aspa2.fr\/de\/wp-json\/wp\/v2\/pages"}],"about":[{"href":"https:\/\/www.aspa2.fr\/de\/wp-json\/wp\/v2\/types\/page"}],"author":[{"embeddable":true,"href":"https:\/\/www.aspa2.fr\/de\/wp-json\/wp\/v2\/users\/1"}],"replies":[{"embeddable":true,"href":"https:\/\/www.aspa2.fr\/de\/wp-json\/wp\/v2\/comments?post=21"}],"version-history":[{"count":43,"href":"https:\/\/www.aspa2.fr\/de\/wp-json\/wp\/v2\/pages\/21\/revisions"}],"predecessor-version":[{"id":4788,"href":"https:\/\/www.aspa2.fr\/de\/wp-json\/wp\/v2\/pages\/21\/revisions\/4788"}],"wp:attachment":[{"href":"https:\/\/www.aspa2.fr\/de\/wp-json\/wp\/v2\/media?parent=21"}],"curies":[{"name":"wp","href":"https:\/\/api.w.org\/{rel}","templated":true}]}}