{"id":10,"date":"2017-11-26T15:27:22","date_gmt":"2017-11-26T14:27:22","guid":{"rendered":"https:\/\/www.aspa2.fr\/?page_id=10"},"modified":"2025-02-12T11:09:07","modified_gmt":"2025-02-12T10:09:07","slug":"accueil","status":"publish","type":"page","link":"https:\/\/www.aspa2.fr\/de\/","title":{"rendered":""},"content":{"rendered":"<div class=\"main-content\">\n\n    <div class=\"carousel-slider-outer carousel-slider-outer-hero-banner-slider carousel-slider-outer-3561\" style=\"--carousel-slider-nav-color:rgb(107,107,107);--carousel-slider-active-nav-color:rgb(206,206,206);--carousel-slider-arrow-size:55px;--carousel-slider-bullet-size:10px\">\n<div id=\"&#039;id-3561\" class=\"carousel-slider carousel-slider-3561 arrows-visibility-always dots-visibility-never arrows-inside dots-center dots-circle owl-carousel\" data-slide-type=\"hero-banner-slider\" data-owl-settings='{\"nav\":true,\"dots\":false,\"slideBy\":1,\"stagePadding\":0,\"margin\":10,\"loop\":true,\"lazyLoad\":false,\"autoplay\":true,\"autoplayTimeout\":5000,\"autoplaySpeed\":500,\"autoplayHoverPause\":true,\"autoWidth\":false,\"items\":1}' data-animation=\"\">\n<div class=\"carousel-slider-hero__cell hero__cell-1\" style=\"--cell-height: 500px\"><div id=\"slide-item-3561-1\" class=\"carousel-slider-hero__cell__background carousel-slider-hero-ken-out\" style=\"background-position:center center;background-size:cover;background-image:url(https:\/\/www.aspa2.fr\/wp-content\/uploads\/2017\/12\/carousel1-1.png);background-color:rgba(0,0,0,0.6)\"><\/div><div class=\"carousel-slider-hero__cell__inner carousel-slider--h-position-center carousel-slider--v-position-middle carousel-slider--text-center\" style=\"padding-top:1rem;padding-right:1rem;padding-bottom:1rem;padding-left:1rem\"><div class=\"carousel-slider-hero__cell__content hidden\" style=\"max-width:850px\" data-animation=\"\"><div class=\"carousel-slider-hero__cell__heading\" style=\"--cs-heading-font-size:40px;--cs-heading-gutter:30px;--cs-heading-color:#ffffff\">Slide Heading<\/div><div class=\"carousel-slider-hero__cell__description\" style=\"--cs-description-font-size:20px;--cs-description-gutter:30px;--cs-description-color:#ffffff\">Lorem ipsum dolor sit amet, consectetur adipisicing elit. Quas, magnam!<\/div><\/div><\/div><\/div>\n<div class=\"carousel-slider-hero__cell hero__cell-2\" style=\"--cell-height: 500px\"><div id=\"slide-item-3561-2\" class=\"carousel-slider-hero__cell__background carousel-slider-hero-ken-out\" style=\"background-position:center center;background-size:cover;background-image:url(https:\/\/www.aspa2.fr\/wp-content\/uploads\/2017\/12\/carousel2-1.png);background-color:rgba(0,0,0,0.6)\"><\/div><div class=\"carousel-slider-hero__cell__inner carousel-slider--h-position-center carousel-slider--v-position-middle carousel-slider--text-center\" style=\"padding-top:1rem;padding-right:1rem;padding-bottom:1rem;padding-left:1rem\"><div class=\"carousel-slider-hero__cell__content hidden\" style=\"max-width:850px\" data-animation=\"\"><div class=\"carousel-slider-hero__cell__heading\" style=\"--cs-heading-font-size:40px;--cs-heading-gutter:30px;--cs-heading-color:#ffffff\">Slide Heading<\/div><div class=\"carousel-slider-hero__cell__description\" style=\"--cs-description-font-size:20px;--cs-description-gutter:30px;--cs-description-color:#ffffff\">Lorem ipsum dolor sit amet, consectetur adipisicing elit. Quas, magnam!<\/div><\/div><\/div><\/div>\n<div class=\"carousel-slider-hero__cell hero__cell-3\" style=\"--cell-height: 500px\"><div id=\"slide-item-3561-3\" class=\"carousel-slider-hero__cell__background carousel-slider-hero-ken-out\" style=\"background-position:center center;background-size:cover;background-image:url(https:\/\/www.aspa2.fr\/wp-content\/uploads\/2017\/12\/carousel3-1.png);background-color:rgba(0,0,0,0.6)\"><\/div><div class=\"carousel-slider-hero__cell__inner carousel-slider--h-position-center carousel-slider--v-position-middle carousel-slider--text-center\" style=\"padding-top:1rem;padding-right:1rem;padding-bottom:1rem;padding-left:1rem\"><div class=\"carousel-slider-hero__cell__content hidden\" style=\"max-width:850px\" data-animation=\"\"><div class=\"carousel-slider-hero__cell__heading\" style=\"--cs-heading-font-size:40px;--cs-heading-gutter:30px;--cs-heading-color:#ffffff\">Slide Heading<\/div><div class=\"carousel-slider-hero__cell__description\" style=\"--cs-description-font-size:20px;--cs-description-gutter:30px;--cs-description-color:#ffffff\">Lorem ipsum dolor sit amet, consectetur adipisicing elit. Quas, magnam!<\/div><\/div><\/div><\/div>\n<div class=\"carousel-slider-hero__cell hero__cell-4\" style=\"--cell-height: 500px\"><div id=\"slide-item-3561-4\" class=\"carousel-slider-hero__cell__background carousel-slider-hero-ken-out\" style=\"background-position:center center;background-size:cover;background-image:url(https:\/\/www.aspa2.fr\/wp-content\/uploads\/2017\/12\/carousel4-1.jpg);background-color:rgba(0,0,0,0.6)\"><\/div><div class=\"carousel-slider-hero__cell__inner carousel-slider--h-position-center carousel-slider--v-position-middle carousel-slider--text-center\" style=\"padding-top:1rem;padding-right:1rem;padding-bottom:1rem;padding-left:1rem\"><div class=\"carousel-slider-hero__cell__content hidden\" style=\"max-width:850px\" data-animation=\"\"><div class=\"carousel-slider-hero__cell__heading\" style=\"--cs-heading-font-size:40px;--cs-heading-gutter:30px;--cs-heading-color:#ffffff\">Slide Heading<\/div><div class=\"carousel-slider-hero__cell__description\" style=\"--cs-description-font-size:20px;--cs-description-gutter:30px;--cs-description-color:#ffffff\">Lorem ipsum dolor sit amet, consectetur adipisicing elit. Quas, magnam!<\/div><\/div><\/div><\/div>\n<\/div><!-- .carousel-slider-3561 -->\n<\/div><!-- .carousel-slider-outer-3561 -->\n\n<div class=\"container\">\n<div class=\"row\">\n<h1>ASPA, fr\u00fchreif und zart Produkt<\/h1>\n<\/div>\n<div class=\"row justify-content-center\">\n<div class=\"messageContainerContainer asperges col-md-6\">\n<div class=\"messageContainer\">\n                    <a class=\"message\" href=\"produits#asperges\">\n<h2>Wei\u00dfer Spargel<\/h2>\n<div class=\"image-container\">\n                            <img decoding=\"async\" src=\"https:\/\/www.aspa2.fr\/wp-content\/uploads\/2017\/12\/Accueil-Rectangle-Asperges.png\" alt=\"\"><\/div>\n<div class=\"text\">\n                            Ein <b>EINMALIGES<\/b> Produkt, eine <b>SPITZENQUALIT\u00c4T<\/b>\nWei\u00dfer Spargel, garantiert faserlos\nSehr fr\u00fchzeitige Ernte ab <b>JANUAR<\/b> bis <b>APRIL<\/b><\/div>\n<\/a><a class=\"message\" href=\"produits#asperges\">                    <\/a>\n\n<\/div>\n<\/div>\n<\/div>\n<\/div>\n<\/div>","protected":false},"excerpt":{"rendered":"ASPA, fr\u00fchreif und zart Produkt Wei\u00dfer Spargel Ein EINMALIGES Produkt, eine SPITZENQUALIT\u00c4T Wei\u00dfer Spargel, garantiert faserlos Sehr fr\u00fchzeitige Ernte ab JANUAR bis APRIL [&#8230;]<p><a class=\"btn btn-secondary understrap-read-more-link\" href=\"https:\/\/www.aspa2.fr\/de\/\">Weiterlesen\u00a0\u2026<span class=\"screen-reader-text\"> from <\/span><\/a><\/p>","protected":false},"author":1,"featured_media":0,"parent":0,"menu_order":0,"comment_status":"closed","ping_status":"closed","template":"","meta":{"footnotes":""},"class_list":["post-10","page","type-page","status-publish","hentry"],"_links":{"self":[{"href":"https:\/\/www.aspa2.fr\/de\/wp-json\/wp\/v2\/pages\/10","targetHints":{"allow":["GET"]}}],"collection":[{"href":"https:\/\/www.aspa2.fr\/de\/wp-json\/wp\/v2\/pages"}],"about":[{"href":"https:\/\/www.aspa2.fr\/de\/wp-json\/wp\/v2\/types\/page"}],"author":[{"embeddable":true,"href":"https:\/\/www.aspa2.fr\/de\/wp-json\/wp\/v2\/users\/1"}],"replies":[{"embeddable":true,"href":"https:\/\/www.aspa2.fr\/de\/wp-json\/wp\/v2\/comments?post=10"}],"version-history":[{"count":79,"href":"https:\/\/www.aspa2.fr\/de\/wp-json\/wp\/v2\/pages\/10\/revisions"}],"predecessor-version":[{"id":4791,"href":"https:\/\/www.aspa2.fr\/de\/wp-json\/wp\/v2\/pages\/10\/revisions\/4791"}],"wp:attachment":[{"href":"https:\/\/www.aspa2.fr\/de\/wp-json\/wp\/v2\/media?parent=10"}],"curies":[{"name":"wp","href":"https:\/\/api.w.org\/{rel}","templated":true}]}}